{"id":43,"date":"2017-12-04T17:20:19","date_gmt":"2017-12-04T16:20:19","guid":{"rendered":"https:\/\/snkxmusic.com\/en\/?page_id=43"},"modified":"2025-03-02T03:12:37","modified_gmt":"2025-03-02T02:12:37","slug":"impressum","status":"publish","type":"page","link":"https:\/\/snkxmusic.com\/en\/impressum\/","title":{"rendered":"Impressum"},"content":{"rendered":"<p>[et_pb_section fb_built=&#8221;1&#8243; _builder_version=&#8221;4.16&#8243; global_colors_info=&#8221;{}&#8221;][et_pb_row _builder_version=&#8221;4.16&#8243; background_size=&#8221;initial&#8221; background_position=&#8221;top_left&#8221; background_repeat=&#8221;repeat&#8221; global_colors_info=&#8221;{}&#8221;][et_pb_column type=&#8221;4_4&#8243; _builder_version=&#8221;4.16&#8243; custom_padding=&#8221;|||&#8221; global_colors_info=&#8221;{}&#8221; custom_padding__hover=&#8221;|||&#8221;][et_pb_text _builder_version=&#8221;4.16&#8243; global_colors_info=&#8221;{}&#8221;]<\/p>\n<div class=\" et_pb_row et_pb_row_0\">\n<div class=\"et_pb_column et_pb_column_4_4 et_pb_column_0\">\n<div class=\"et_pb_text et_pb_module et_pb_bg_layout_light et_pb_text_align_left et_pb_text_0\">\n<h2><strong>Impressum<\/strong><\/h2>\n<p><strong><\/strong><\/p>\n<h3>Angaben gem\u00e4\u00df \u00a7 5 TMG<\/h3>\n<p><span style=\"font-weight: 400;\">Fabio M\u00fcller<\/span><span style=\"font-weight: 400;\"><br \/><\/span><span style=\"font-weight: 400;\">Brandstrasse 13<\/span><span style=\"font-weight: 400;\"><br \/><\/span><span style=\"font-weight: 400;\">8610 Uster, Schweiz<br \/><\/span><\/p>\n<h3><span style=\"font-size: 22px;\"><br \/>Kontakt<\/span><\/h3>\n<p><span style=\"font-size: 16px;\">E-Mail: <\/span><a href=\"&#x6d;&#x61;&#105;lt&#x6f;&#x3a;&#105;&#110;f&#x6f;&#x40;&#119;&#112;c&#x6f;&#x72;&#x6e;&#101;r&#46;&#x64;&#x65;\" style=\"font-size: 16px;\">&#105;n&#x66;o&#x40;s&#x6e;k&#x78;m&#x75;s&#x69;&#99;&#x2e;&#99;&#x6f;&#109;<\/a><\/p>\n<\/div>\n<\/div>\n<\/div>\n<div class=\" et_pb_row et_pb_row_2\">\n<h3><span style=\"font-size: 22px;\">Verantwortlich f\u00fcr den Inhalt nach \u00a7 55 Abs. 2 RStV<\/span><\/h3>\n<p><span style=\"font-size: 16px;\">Fabio M\u00fcller<br \/><\/span><span style=\"font-weight: 400;\">Brandstrasse 13<br \/><\/span><span style=\"font-weight: 400;\">8610 Uster, Schweiz<\/span><\/p>\n<\/div>\n<div class=\" et_pb_row et_pb_row_4\">\n<div class=\"et_pb_column et_pb_column_4_4 et_pb_column_4\">\n<div class=\"et_pb_text et_pb_module et_pb_bg_layout_light et_pb_text_align_left et_pb_text_4\">\n<h2>Hinweis auf EU-Streitschlichtung<\/h2>\n<p>Die Europ\u00e4ische Kommission stellt eine Plattform zur Online-Streitbeilegung (OS) bereit:\u00a0<a href=\"http:\/\/ec.europa.eu\/consumers\/odr\">http:\/\/ec.europa.eu\/consumers\/odr<\/a><br \/>Unsere E-Mail-Adresse findest du oben im Impressum.<\/p>\n<p>Quelle:\u00a0<em><a href=\"https:\/\/www.e-recht24.de\/\" rel=\"nofollow\">https:\/\/www.e-recht24.de<\/a><\/em><\/p>\n<\/div>\n<\/div>\n<\/div>\n<div class=\" et_pb_row et_pb_row_5\">\n<div class=\"et_pb_column et_pb_column_4_4 et_pb_column_5\">\n<div class=\"et_pb_text et_pb_module et_pb_bg_layout_light et_pb_text_align_left et_pb_text_5\">\n<h3>Haftungsausschluss (Disclaimer)<\/h3>\n<p>&nbsp;<\/p>\n<h4>Haftung f\u00fcr Inhalte<\/h4>\n<p>Als Diensteanbieter sind wir gem\u00e4\u00df \u00a7 7 Abs.1 TMG f\u00fcr eigene Inhalte auf diesen Seiten nach den allgemeinen Gesetzen verantwortlich. Nach \u00a7\u00a7 8 bis 10 TMG sind wir als Diensteanbieter jedoch nicht verpflichtet, \u00fcbermittelte oder gespeicherte fremde Informationen zu \u00fcberwachen oder nach Umst\u00e4nden zu forschen, die auf eine rechtswidrige T\u00e4tigkeit hinweisen.<\/p>\n<p>Verpflichtungen zur Entfernung oder Sperrung der Nutzung von Informationen nach den allgemeinen Gesetzen bleiben hiervon unber\u00fchrt. Eine diesbez\u00fcgliche Haftung ist jedoch erst ab dem Zeitpunkt der Kenntnis einer konkreten Rechtsverletzung m\u00f6glich. Bei Bekanntwerden von entsprechenden Rechtsverletzungen werden wir diese Inhalte umgehend entfernen.<\/p>\n<h4>Haftung f\u00fcr Links<\/h4>\n<p>Unser Angebot enth\u00e4lt Links zu externen Webseiten Dritter, auf deren Inhalte wir keinen Einfluss haben. Deshalb k\u00f6nnen wir f\u00fcr diese fremden Inhalte auch keine Gew\u00e4hr \u00fcbernehmen. F\u00fcr die Inhalte der verlinkten Seiten ist stets der jeweilige Anbieter oder Betreiber der Seiten verantwortlich. Die verlinkten Seiten wurden zum Zeitpunkt der Verlinkung auf m\u00f6gliche Rechtsverst\u00f6\u00dfe \u00fcberpr\u00fcft. Rechtswidrige Inhalte waren zum Zeitpunkt der Verlinkung nicht erkennbar.<\/p>\n<p>Eine permanente inhaltliche Kontrolle der verlinkten Seiten ist jedoch ohne konkrete Anhaltspunkte einer Rechtsverletzung nicht zumutbar. Bei Bekanntwerden von Rechtsverletzungen werden wir derartige Links umgehend entfernen.<\/p>\n<h4>Urheberrecht<\/h4>\n<p>Die durch die Seitenbetreiber erstellten Inhalte und Werke auf diesen Seiten unterliegen dem deutschen Urheberrecht. Die Vervielf\u00e4ltigung, Bearbeitung, Verbreitung und jede Art der Verwertung au\u00dferhalb der Grenzen des Urheberrechtes bed\u00fcrfen der schriftlichen Zustimmung des jeweiligen Autors bzw. Erstellers. Downloads und Kopien dieser Seite sind nur f\u00fcr den privaten, nicht kommerziellen Gebrauch gestattet.<\/p>\n<p>Soweit die Inhalte auf dieser Seite nicht vom Betreiber erstellt wurden, werden die Urheberrechte Dritter beachtet. Insbesondere werden Inhalte Dritter als solche gekennzeichnet. Sollten Sie trotzdem auf eine Urheberrechtsverletzung aufmerksam werden, bitten wir um einen entsprechenden Hinweis. Bei Bekanntwerden von Rechtsverletzungen werden wir derartige Inhalte umgehend entfernen.<\/p>\n<\/div>\n<\/div>\n<\/div>\n<p>[\/et_pb_text][\/et_pb_column][\/et_pb_row][\/et_pb_section]<\/p>\n","protected":false},"excerpt":{"rendered":"<p>Impressum Angaben gem\u00e4\u00df \u00a7 5 TMG Fabio M\u00fcllerBrandstrasse 138610 Uster, Schweiz Kontakt E-Mail: &#x69;&#110;f&#x6f;&#64;&#115;&#x6e;&#x6b;&#120;m&#x75;&#115;i&#x63;&#x2e;&#99;o&#x6d; Verantwortlich f\u00fcr den Inhalt nach \u00a7 55 Abs. 2 RStV Fabio M\u00fcllerBrandstrasse 138610 Uster, Schweiz Hinweis auf EU-Streitschlichtung Die Europ\u00e4ische Kommission stellt eine Plattform zur Online-Streitbeilegung (OS) bereit:\u00a0http:\/\/ec.europa.eu\/consumers\/odrUnsere E-Mail-Adresse findest du oben im Impressum. Quelle:\u00a0https:\/\/www.e-recht24.de Haftungsausschluss (Disclaimer) &nbsp; Haftung f\u00fcr Inhalte [&hellip;]<\/p>\n","protected":false},"author":1,"featured_media":0,"parent":0,"menu_order":0,"comment_status":"closed","ping_status":"closed","template":"","meta":{"_et_pb_use_builder":"on","_et_pb_old_content":"[et_pb_section fb_built=\"1\" _builder_version=\"3.0.47\"][et_pb_row _builder_version=\"3.0.47\" background_size=\"initial\" background_position=\"top_left\" background_repeat=\"repeat\"][et_pb_column type=\"4_4\" _builder_version=\"3.0.47\" parallax=\"off\" parallax_method=\"on\"][et_pb_text _builder_version=\"3.0.84\"]<div class=\" et_pb_row et_pb_row_0\">\r\n<div class=\"et_pb_column et_pb_column_4_4 et_pb_column_0\">\r\n<div class=\"et_pb_text et_pb_module et_pb_bg_layout_light et_pb_text_align_left et_pb_text_0\">\r\n<h2><strong>Impressum<\/strong><\/h2>\r\n<p><strong><\/strong><\/p>\r\n<h3>Angaben gem\u00e4\u00df \u00a7 5 TMG<\/h3>\r\n<p><span style=\"font-weight: 400;\">Fabio M\u00fcller<\/span><span style=\"font-weight: 400;\"><br \/><\/span><span style=\"font-weight: 400;\">Gartenstra\u00dfe 8<\/span><span style=\"font-weight: 400;\"><br \/><\/span><span style=\"font-weight: 400;\">8853 Lachen, Schweiz<br \/><\/span><\/p>\r\n<h3><span style=\"font-size: 22px;\"><br \/>Kontakt<\/span><\/h3>\r\n<p><span style=\"font-size: 16px;\">E-Mail:\u00a0<\/span><a href=\"mailto:info@wpcorner.de\" style=\"font-size: 16px;\">snk.unlimited@gmail.com<\/a><\/p>\r\n<\/div>\r\n<\/div>\r\n<\/div>\r\n<div class=\" et_pb_row et_pb_row_2\">\r\n<h3><span style=\"font-size: 22px;\">Verantwortlich f\u00fcr den Inhalt nach \u00a7 55 Abs. 2 RStV<\/span><\/h3>\r\n<p><span style=\"font-size: 16px;\">Fabio M\u00fcller<br \/><\/span><span style=\"font-weight: 400;\">Gartenstra\u00dfe 8<\/span><span style=\"font-weight: 400;\"><br \/><\/span><span style=\"font-weight: 400;\">8853 Lachen, Schweiz<\/span><\/p>\r\n<\/div>\r\n<div class=\" et_pb_row et_pb_row_4\">\r\n<div class=\"et_pb_column et_pb_column_4_4 et_pb_column_4\">\r\n<div class=\"et_pb_text et_pb_module et_pb_bg_layout_light et_pb_text_align_left et_pb_text_4\">\r\n<h2>Hinweis auf EU-Streitschlichtung<\/h2>\r\n<p>Die Europ\u00e4ische Kommission stellt eine Plattform zur Online-Streitbeilegung (OS) bereit:\u00a0<a href=\"http:\/\/ec.europa.eu\/consumers\/odr\">http:\/\/ec.europa.eu\/consumers\/odr<\/a><br \/> Unsere E-Mail-Adresse findest du oben im Impressum.<\/p>\r\n<p>Quelle:\u00a0<em><a href=\"https:\/\/www.e-recht24.de\/\" rel=\"nofollow\">https:\/\/www.e-recht24.de<\/a><\/em><\/p>\r\n<\/div>\r\n<\/div>\r\n<\/div>\r\n<div class=\" et_pb_row et_pb_row_5\">\r\n<div class=\"et_pb_column et_pb_column_4_4 et_pb_column_5\">\r\n<div class=\"et_pb_text et_pb_module et_pb_bg_layout_light et_pb_text_align_left et_pb_text_5\">\r\n<h3>Haftungsausschluss (Disclaimer)<\/h3>\r\n<p>&nbsp;<\/p>\r\n<h4>Haftung f\u00fcr Inhalte<\/h4>\r\n<p>Als Diensteanbieter sind wir gem\u00e4\u00df \u00a7 7 Abs.1 TMG f\u00fcr eigene Inhalte auf diesen Seiten nach den allgemeinen Gesetzen verantwortlich. Nach \u00a7\u00a7 8 bis 10 TMG sind wir als Diensteanbieter jedoch nicht verpflichtet, \u00fcbermittelte oder gespeicherte fremde Informationen zu \u00fcberwachen oder nach Umst\u00e4nden zu forschen, die auf eine rechtswidrige T\u00e4tigkeit hinweisen.<\/p>\r\n<p>Verpflichtungen zur Entfernung oder Sperrung der Nutzung von Informationen nach den allgemeinen Gesetzen bleiben hiervon unber\u00fchrt. Eine diesbez\u00fcgliche Haftung ist jedoch erst ab dem Zeitpunkt der Kenntnis einer konkreten Rechtsverletzung m\u00f6glich. Bei Bekanntwerden von entsprechenden Rechtsverletzungen werden wir diese Inhalte umgehend entfernen.<\/p>\r\n<h4>Haftung f\u00fcr Links<\/h4>\r\n<p>Unser Angebot enth\u00e4lt Links zu externen Webseiten Dritter, auf deren Inhalte wir keinen Einfluss haben. Deshalb k\u00f6nnen wir f\u00fcr diese fremden Inhalte auch keine Gew\u00e4hr \u00fcbernehmen. F\u00fcr die Inhalte der verlinkten Seiten ist stets der jeweilige Anbieter oder Betreiber der Seiten verantwortlich. Die verlinkten Seiten wurden zum Zeitpunkt der Verlinkung auf m\u00f6gliche Rechtsverst\u00f6\u00dfe \u00fcberpr\u00fcft. Rechtswidrige Inhalte waren zum Zeitpunkt der Verlinkung nicht erkennbar.<\/p>\r\n<p>Eine permanente inhaltliche Kontrolle der verlinkten Seiten ist jedoch ohne konkrete Anhaltspunkte einer Rechtsverletzung nicht zumutbar. Bei Bekanntwerden von Rechtsverletzungen werden wir derartige Links umgehend entfernen.<\/p>\r\n<h4>Urheberrecht<\/h4>\r\n<p>Die durch die Seitenbetreiber erstellten Inhalte und Werke auf diesen Seiten unterliegen dem deutschen Urheberrecht. Die Vervielf\u00e4ltigung, Bearbeitung, Verbreitung und jede Art der Verwertung au\u00dferhalb der Grenzen des Urheberrechtes bed\u00fcrfen der schriftlichen Zustimmung des jeweiligen Autors bzw. Erstellers. Downloads und Kopien dieser Seite sind nur f\u00fcr den privaten, nicht kommerziellen Gebrauch gestattet.<\/p>\r\n<p>Soweit die Inhalte auf dieser Seite nicht vom Betreiber erstellt wurden, werden die Urheberrechte Dritter beachtet. Insbesondere werden Inhalte Dritter als solche gekennzeichnet. Sollten Sie trotzdem auf eine Urheberrechtsverletzung aufmerksam werden, bitten wir um einen entsprechenden Hinweis. Bei Bekanntwerden von Rechtsverletzungen werden wir derartige Inhalte umgehend entfernen.<\/p>\r\n<\/div>\r\n<\/div>\r\n<\/div>[\/et_pb_text][\/et_pb_column][\/et_pb_row][\/et_pb_section]","_et_gb_content_width":""},"_links":{"self":[{"href":"https:\/\/snkxmusic.com\/en\/wp-json\/wp\/v2\/pages\/43"}],"collection":[{"href":"https:\/\/snkxmusic.com\/en\/wp-json\/wp\/v2\/pages"}],"about":[{"href":"https:\/\/snkxmusic.com\/en\/wp-json\/wp\/v2\/types\/page"}],"author":[{"embeddable":true,"href":"https:\/\/snkxmusic.com\/en\/wp-json\/wp\/v2\/users\/1"}],"replies":[{"embeddable":true,"href":"https:\/\/snkxmusic.com\/en\/wp-json\/wp\/v2\/comments?post=43"}],"version-history":[{"count":4,"href":"https:\/\/snkxmusic.com\/en\/wp-json\/wp\/v2\/pages\/43\/revisions"}],"predecessor-version":[{"id":1386,"href":"https:\/\/snkxmusic.com\/en\/wp-json\/wp\/v2\/pages\/43\/revisions\/1386"}],"wp:attachment":[{"href":"https:\/\/snkxmusic.com\/en\/wp-json\/wp\/v2\/media?parent=43"}],"curies":[{"name":"wp","href":"https:\/\/api.w.org\/{rel}","templated":true}]}}